{"id":14,"date":"2017-09-10T17:55:24","date_gmt":"2017-09-10T15:55:24","guid":{"rendered":"http:\/\/wwwneu.helix.de\/?page_id=14"},"modified":"2023-05-24T10:04:14","modified_gmt":"2023-05-24T08:04:14","slug":"ueber-uns","status":"publish","type":"page","link":"https:\/\/www.helix.de\/?page_id=14","title":{"rendered":"\u00dcber uns"},"content":{"rendered":"<p>Unser USP ist ganz klar unser Selbstverst\u00e4ndnis, ein exzellenter Partner und Dienstleister f\u00fcr unsere Kunden zu sein. Und das seit mehr als 25 Jahren.<br \/>\nEinmal entschieden, setzen wir IT-Themen konsequent, termingerecht und verantwortungsbewusst um. Das best\u00e4tigen uns unsere Kunden wie z.B. Toshiba, Hewlett-Packard oder K\u00fchne+Nagel immer wieder.<br \/>\nIT ist die Leidenschaft jedes einzelnen Mitarbeiters und das sp\u00fcrt auch der Kunde.<\/p>\n<p>&nbsp;<\/p>\n<h3>Wir sind mehr als nur eine IT-Firma!<\/h3>\n<p>Klare Fokusthemen gepaart mit einem breit aufgestellten Team macht die HELIX zu Ihrem Partner rund um IT-gest\u00fctzte L\u00f6sungen. Ein motiviertes Team mit professionellem Wissen hilft Ihnen in den Bereichen Service, Entwicklung, Beratung und Infrastruktur. Unsere Mitarbeiter werden Sie begeistern &#8211; unsere L\u00f6sungen Sie \u00fcberzeugen.<\/p>\n<p>&nbsp;<\/p>\n","protected":false},"excerpt":{"rendered":"<p>Unser USP ist ganz klar unser Selbstverst\u00e4ndnis, ein exzellenter Partner und Dienstleister f\u00fcr unsere Kunden zu sein. Und das seit mehr als 25 Jahren. Einmal entschieden, setzen wir IT-Themen konsequent, termingerecht und verantwortungsbewusst um. Das best\u00e4tigen uns unsere Kunden wie z.B. Toshiba, Hewlett-Packard oder K\u00fchne+Nagel immer wieder. IT ist die Leidenschaft jedes einzelnen Mitarbeiters und&#8230; <\/p>\n","protected":false},"author":2,"featured_media":0,"parent":0,"menu_order":0,"comment_status":"closed","ping_status":"closed","template":"no-sidebar.php","meta":{"footnotes":""},"class_list":["post-14","page","type-page","status-publish","hentry"],"_links":{"self":[{"href":"https:\/\/www.helix.de\/index.php?rest_route=\/wp\/v2\/pages\/14","targetHints":{"allow":["GET"]}}],"collection":[{"href":"https:\/\/www.helix.de\/index.php?rest_route=\/wp\/v2\/pages"}],"about":[{"href":"https:\/\/www.helix.de\/index.php?rest_route=\/wp\/v2\/types\/page"}],"author":[{"embeddable":true,"href":"https:\/\/www.helix.de\/index.php?rest_route=\/wp\/v2\/users\/2"}],"replies":[{"embeddable":true,"href":"https:\/\/www.helix.de\/index.php?rest_route=%2Fwp%2Fv2%2Fcomments&post=14"}],"version-history":[{"count":36,"href":"https:\/\/www.helix.de\/index.php?rest_route=\/wp\/v2\/pages\/14\/revisions"}],"predecessor-version":[{"id":489,"href":"https:\/\/www.helix.de\/index.php?rest_route=\/wp\/v2\/pages\/14\/revisions\/489"}],"wp:attachment":[{"href":"https:\/\/www.helix.de\/index.php?rest_route=%2Fwp%2Fv2%2Fmedia&parent=14"}],"curies":[{"name":"wp","href":"https:\/\/api.w.org\/{rel}","templated":true}]}}