{"id":17,"date":"2017-09-10T18:02:08","date_gmt":"2017-09-10T16:02:08","guid":{"rendered":"http:\/\/wwwneu.helix.de\/?page_id=17"},"modified":"2024-10-31T14:07:01","modified_gmt":"2024-10-31T13:07:01","slug":"impressum","status":"publish","type":"page","link":"https:\/\/www.helix.de\/?page_id=17","title":{"rendered":"Impressum"},"content":{"rendered":"<p>HELIX Software + Support GmbH ist eine GmbH nach Deutschem Recht mit Sitz in Reutlingen.<\/p>\n<p>Angaben gem\u00e4\u00df \u00a7 5 TMG<\/p>\n<p><strong>Postanschrift:<\/strong><br \/>\nHELIX Software + Support GmbH<br \/>\nKonrad-Zuse-Stra\u00dfe 10<br \/>\nD-71034 B\u00f6blingen<\/p>\n<p><strong>Kontakt:<\/strong><br \/>\nTelefon: +49 (0) 7031 2009 &#8211; 0<\/p>\n<p><strong>Vertreten durch (Gesch\u00e4ftsf\u00fchrer):<\/strong><br \/>\nMathias Zipperle, Christoph Frank<br \/>\nE-Mail: <a class=\"click_mail\" href=\"&#109;&#97;&#105;&#108;&#116;&#111;&#58;%69%6e%66%6f@%68%65%6c%69%78.%64%65 \" rel=\"noreferrer noopener\">&#x69;&#x6e;&#x66;&#x6f;&#x40;&#x68;&#x65;&#x6c;&#x69;&#x78;&#x2e;&#x64;&#x65;<\/a>\n<p>HELIX Software + Support GmbH ist im Handelsregister des Amtsgerichtes in Stuttgart unter der Nummer HRB 226056 eingetragen.<\/p>\n<p><strong>Umsatzsteuer-ID:<\/strong><br \/>\nUmsatzsteuer-Identifikationsnummer gem\u00e4\u00df \u00a7 27 a Umsatzsteuergesetz:<br \/>\nDE 145349269<\/p>\n<p><strong>Konzept und Realisation:<\/strong><br \/>\nHELIX Software + Support GmbH<\/p>\n<p><strong>Urheberrecht Bildquellen (soweit nicht bei HELiX):<br \/>\n<\/strong>@Getty Images &#8211; Fotograf: Guido Mieth &#8211; <a href=\"http:\/\/www.gettyimages.de\/fotos\/518630211?family=creative&amp;license=rf&amp;phrase=518630211&amp;sort=best&amp;excludenudity=true\">Bildquelle<\/a><br \/>\n@Getty Images &#8211; Fotograf: Kristian Sekulic &#8211; <a href=\"http:\/\/www.gettyimages.de\/fotos\/109720827?family=creative&amp;license=rf&amp;phrase=109720827&amp;sort=best&amp;excludenudity=true\">Bildquelle<\/a><br \/>\n@Getty Images &#8211; Fotograf: Kristian Sekulic &#8211; <a href=\"http:\/\/www.gettyimages.de\/fotos\/109720827?family=creative&amp;license=rf&amp;phrase=109720827&amp;sort=best&amp;excludenudity=true\">Bildquelle<\/a><\/p>\n<p>@Fotolia &#8211; Fotograf: vege &#8211; <a href=\"https:\/\/de.fotolia.com\/id\/76837773\">Bildquelle<\/a><br \/>\n@Fotolia &#8211; Fotograf: newrossosh &#8211; <a href=\"https:\/\/de.fotolia.com\/id\/94436273\">Bildquelle<\/a><\/p>\n<p>@Thinkstock &#8211; Fotograf: Ciaran Griffin &#8211; <a href=\"http:\/\/www.thinkstockphotos.de\/image\/stock-foto-rear-view-of-four-business-executives-using\/stk313046rkn\/popup?src=history\">Bildquelle<br \/>\n<\/a>@Thinkstock &#8211; Fotograf: sh22 &#8211; <a href=\"http:\/\/www.thinkstockphotos.de\/image\/stock-foto-lan-cable\/484687532\/popup?src=history\">Bildquelle<\/a><br \/>\n@Thinkstock &#8211; Fotograf: hbak &#8211; <a href=\"http:\/\/www.thinkstockphotos.de\/image\/stock-foto-motherbord-connection\/539295253\/popup?src=history\">Bildquelle<\/a><br \/>\n@Thinkstock &#8211; Fotograf: Klaus Tiedge &#8211; <a href=\"http:\/\/www.thinkstockphotos.de\/image\/stock-foto-woman-in-call-center\/92095703\/popup?src=history\">Bildquelle<\/a><\/p>\n<p>@iStockPhoto &#8211; Fotograf: Pali Rao &#8211; <a href=\"https:\/\/www.istockphoto.com\/de\/foto\/racing-car-speeding-past-on-wet-racetrack-at-sunset-gm488762806-74351133\">Bildquelle<\/a><br \/>\n@iStockPhoto &#8211; Fotograf: Johnny Greig &#8211; <a href=\"https:\/\/www.istockphoto.com\/de\/foto\/business-entrepreuneur-in-city-of-london-gm487452744-73445411\">Bildquelle<\/a><\/p>\n<p><strong>Rechtliche Hinweise:<\/strong><br \/>\nDie HELIX Software + Support GmbH pr\u00fcft und aktualisiert die Informationen auf ihrer Webseite st\u00e4ndig. Trotz aller Sorgfalt k\u00f6nnen sich die Daten zwischenzeitlich ge\u00e4ndert haben. Eine Haftung oder Garantie f\u00fcr die Aktualit\u00e4t, Richtigkeit und Vollst\u00e4ndigkeit der zur Verf\u00fcgung gestellten Informationen kann daher nicht \u00fcbernommen werden. Gleiches gilt auch f\u00fcr alle anderen Webseiten, auf die mittels Hyperlink verwiesen wird. Die HELIX Software + Support GmbH ist f\u00fcr den Inhalt der Webseiten, die aufgrund einer solchen Verbindung erreicht werden, nicht verantwortlich.<\/p>\n","protected":false},"excerpt":{"rendered":"<p>HELIX Software + Support GmbH ist eine GmbH nach Deutschem Recht mit Sitz in Reutlingen. Angaben gem\u00e4\u00df \u00a7 5 TMG Postanschrift: HELIX Software + Support GmbH Konrad-Zuse-Stra\u00dfe 10 D-71034 B\u00f6blingen Kontakt: Telefon: +49 (0) 7031 2009 &#8211; 0 Vertreten durch (Gesch\u00e4ftsf\u00fchrer): Mathias Zipperle, Christoph Frank E-Mail: HELIX Software + Support GmbH ist im Handelsregister des&#8230; <\/p>\n","protected":false},"author":2,"featured_media":0,"parent":14,"menu_order":20,"comment_status":"closed","ping_status":"closed","template":"full-width.php","meta":{"footnotes":""},"class_list":["post-17","page","type-page","status-publish","hentry"],"_links":{"self":[{"href":"https:\/\/www.helix.de\/index.php?rest_route=\/wp\/v2\/pages\/17","targetHints":{"allow":["GET"]}}],"collection":[{"href":"https:\/\/www.helix.de\/index.php?rest_route=\/wp\/v2\/pages"}],"about":[{"href":"https:\/\/www.helix.de\/index.php?rest_route=\/wp\/v2\/types\/page"}],"author":[{"embeddable":true,"href":"https:\/\/www.helix.de\/index.php?rest_route=\/wp\/v2\/users\/2"}],"replies":[{"embeddable":true,"href":"https:\/\/www.helix.de\/index.php?rest_route=%2Fwp%2Fv2%2Fcomments&post=17"}],"version-history":[{"count":12,"href":"https:\/\/www.helix.de\/index.php?rest_route=\/wp\/v2\/pages\/17\/revisions"}],"predecessor-version":[{"id":519,"href":"https:\/\/www.helix.de\/index.php?rest_route=\/wp\/v2\/pages\/17\/revisions\/519"}],"up":[{"embeddable":true,"href":"https:\/\/www.helix.de\/index.php?rest_route=\/wp\/v2\/pages\/14"}],"wp:attachment":[{"href":"https:\/\/www.helix.de\/index.php?rest_route=%2Fwp%2Fv2%2Fmedia&parent=17"}],"curies":[{"name":"wp","href":"https:\/\/api.w.org\/{rel}","templated":true}]}}