{"id":27,"date":"2017-09-10T18:04:25","date_gmt":"2017-09-10T16:04:25","guid":{"rendered":"http:\/\/wwwneu.helix.de\/?page_id=27"},"modified":"2021-12-21T12:09:18","modified_gmt":"2021-12-21T11:09:18","slug":"it-services-support","status":"publish","type":"page","link":"https:\/\/www.helix.de\/?page_id=27","title":{"rendered":"IT-Services &#038; Support"},"content":{"rendered":"<div class=\"su-row\">\n<div class=\"su-column su-column-size-1-3\"><div class=\"su-column-inner su-u-clearfix su-u-trim\"><div class=\"su-note\"  style=\"border-color:#e5e5e5;border-radius:3px;-moz-border-radius:3px;-webkit-border-radius:3px;\"><div class=\"su-note-inner su-u-clearfix su-u-trim\" style=\"background-color:#ffffff;border-color:#ffffff;color:#333333;border-radius:3px;-moz-border-radius:3px;-webkit-border-radius:3px;\">\n<img loading=\"lazy\" decoding=\"async\" class=\"alignnone size-medium wp-image-67\" src=\"\/wp-content\/uploads\/2017\/09\/Refit-Management-300x194.jpg\" alt=\"\" width=\"300\" height=\"194\" srcset=\"https:\/\/www.helix.de\/wp-content\/uploads\/2017\/09\/Refit-Management-300x194.jpg 300w, https:\/\/www.helix.de\/wp-content\/uploads\/2017\/09\/Refit-Management-768x496.jpg 768w, https:\/\/www.helix.de\/wp-content\/uploads\/2017\/09\/Refit-Management.jpg 862w\" sizes=\"auto, (max-width: 300px) 100vw, 300px\" \/><\/p>\n<h2>Refit-Management<\/h2>\n<p>Wir bieten Modernisierungskonzepte f\u00fcr Ihre veraltete Hard- und Software-Infrastruktur und unterst\u00fctzen Sie bei der Realisierung der notwendigen Ma\u00dfnahmen, um Ihre gesamte IT wieder auf den neuesten Stand zu bringen.<\/p>\n<\/div><\/div><\/div><\/div>\n<div class=\"su-column su-column-size-1-3\"><div class=\"su-column-inner su-u-clearfix su-u-trim\"><div class=\"su-note\"  style=\"border-color:#e5e5e5;border-radius:3px;-moz-border-radius:3px;-webkit-border-radius:3px;\"><div class=\"su-note-inner su-u-clearfix su-u-trim\" style=\"background-color:#ffffff;border-color:#ffffff;color:#333333;border-radius:3px;-moz-border-radius:3px;-webkit-border-radius:3px;\">\n<img loading=\"lazy\" decoding=\"async\" class=\"alignnone size-medium wp-image-66\" src=\"\/wp-content\/uploads\/2017\/09\/Rechenzentrum-300x194.jpg\" alt=\"\" width=\"300\" height=\"194\" srcset=\"https:\/\/www.helix.de\/wp-content\/uploads\/2017\/09\/Rechenzentrum-300x194.jpg 300w, https:\/\/www.helix.de\/wp-content\/uploads\/2017\/09\/Rechenzentrum-768x496.jpg 768w, https:\/\/www.helix.de\/wp-content\/uploads\/2017\/09\/Rechenzentrum.jpg 862w\" sizes=\"auto, (max-width: 300px) 100vw, 300px\" \/><\/p>\n<h2>Rechenzentrum<\/h2>\n<p>Sie suchen ein Rechenzentrum oder m\u00f6chten Ihr eigenes betreut wissen? Einige unserer Kunden erhalten auch ein aktives Monitoring ihres RZ. Gerne \u00fcbernehmen wir diese Aufgaben auch f\u00fcr Sie.<br \/>\n<\/div><\/div><\/div><\/div>\n<div class=\"su-column su-column-size-1-3\"><div class=\"su-column-inner su-u-clearfix su-u-trim\"><div class=\"su-note\"  style=\"border-color:#e5e5e5;border-radius:3px;-moz-border-radius:3px;-webkit-border-radius:3px;\"><div class=\"su-note-inner su-u-clearfix su-u-trim\" style=\"background-color:#ffffff;border-color:#ffffff;color:#333333;border-radius:3px;-moz-border-radius:3px;-webkit-border-radius:3px;\">\n<img loading=\"lazy\" decoding=\"async\" class=\"alignnone size-medium wp-image-75\" src=\"\/wp-content\/uploads\/2017\/09\/Support-Teams-300x194.jpg\" alt=\"\" width=\"300\" height=\"194\" srcset=\"https:\/\/www.helix.de\/wp-content\/uploads\/2017\/09\/Support-Teams-300x194.jpg 300w, https:\/\/www.helix.de\/wp-content\/uploads\/2017\/09\/Support-Teams-768x496.jpg 768w, https:\/\/www.helix.de\/wp-content\/uploads\/2017\/09\/Support-Teams.jpg 862w\" sizes=\"auto, (max-width: 300px) 100vw, 300px\" \/><\/p>\n<h2>Support-Teams<\/h2>\n<p>Unsere Support-Team aus hoch qualifizierten Informatikern und Ingenieuren ist 24by7 mit 30min-Reaktionszeit erreichbar. Zum Einsatz kommen hierbei nur Profis. Lassen Sie sich ein Angebot erstellen und sch\u00fctzen Sie Ihre wertvollen Inhouse-Ressourcen!<br \/>\n<\/div><\/div><\/div><\/div>\n<\/div><div class=\"su-row\">\n<div class=\"su-column su-column-size-1-3\"><div class=\"su-column-inner su-u-clearfix su-u-trim\"><div class=\"su-note\"  style=\"border-color:#e5e5e5;border-radius:3px;-moz-border-radius:3px;-webkit-border-radius:3px;\"><div class=\"su-note-inner su-u-clearfix su-u-trim\" style=\"background-color:#ffffff;border-color:#ffffff;color:#333333;border-radius:3px;-moz-border-radius:3px;-webkit-border-radius:3px;\">\n<img loading=\"lazy\" decoding=\"async\" class=\"alignnone size-medium wp-image-61\" src=\"\/wp-content\/uploads\/2017\/09\/IT-Beratung-300x194.jpg\" alt=\"\" width=\"300\" height=\"194\" srcset=\"https:\/\/www.helix.de\/wp-content\/uploads\/2017\/09\/IT-Beratung-300x194.jpg 300w, https:\/\/www.helix.de\/wp-content\/uploads\/2017\/09\/IT-Beratung-768x496.jpg 768w, https:\/\/www.helix.de\/wp-content\/uploads\/2017\/09\/IT-Beratung.jpg 862w\" sizes=\"auto, (max-width: 300px) 100vw, 300px\" \/><\/p>\n<h2>IT-Beratung<\/h2>\n<p>Profitieren Sie von unserem Know-how. Wir beraten Sie u.a. zu: Hardware-Auswahl \/ IT-Netzwerke &amp; -Infrastruktur \/ Sicherheitsanalysen und -optimierungen \/ Datensicherungskonzepte (SAN, NAS) \/ Erstellen von Pflichtenheften oder Datenbankanwendungen.<br \/>\n<\/div><\/div><\/div><\/div>\n<div class=\"su-column su-column-size-1-3\"><div class=\"su-column-inner su-u-clearfix su-u-trim\"><div class=\"su-note\"  style=\"border-color:#e5e5e5;border-radius:3px;-moz-border-radius:3px;-webkit-border-radius:3px;\"><div class=\"su-note-inner su-u-clearfix su-u-trim\" style=\"background-color:#ffffff;border-color:#ffffff;color:#333333;border-radius:3px;-moz-border-radius:3px;-webkit-border-radius:3px;\">\n<img loading=\"lazy\" decoding=\"async\" class=\"alignnone size-medium wp-image-65\" src=\"\/wp-content\/uploads\/2017\/09\/Netzwerk-Technik-300x194.jpg\" alt=\"\" width=\"300\" height=\"194\" srcset=\"https:\/\/www.helix.de\/wp-content\/uploads\/2017\/09\/Netzwerk-Technik-300x194.jpg 300w, https:\/\/www.helix.de\/wp-content\/uploads\/2017\/09\/Netzwerk-Technik-768x496.jpg 768w, https:\/\/www.helix.de\/wp-content\/uploads\/2017\/09\/Netzwerk-Technik.jpg 862w\" sizes=\"auto, (max-width: 300px) 100vw, 300px\" \/><\/p>\n<h2>Netzwerk-Technik<\/h2>\n<p>Wir planen und realisieren in enger Abstimmung mit Ihnen ein individuell optimiertes IT-Netzwerk, das nicht nur zuverl\u00e4ssig, sondern auch wirtschaftlich arbeitet.<br \/>\n<\/div><\/div><\/div><\/div>\n<div class=\"su-column su-column-size-1-3\"><div class=\"su-column-inner su-u-clearfix su-u-trim\"><div class=\"su-note\"  style=\"border-color:#e5e5e5;border-radius:3px;-moz-border-radius:3px;-webkit-border-radius:3px;\"><div class=\"su-note-inner su-u-clearfix su-u-trim\" style=\"background-color:#ffffff;border-color:#ffffff;color:#333333;border-radius:3px;-moz-border-radius:3px;-webkit-border-radius:3px;\">\n<img loading=\"lazy\" decoding=\"async\" class=\"alignnone size-medium wp-image-68\" src=\"\/wp-content\/uploads\/2017\/09\/Schulungen-300x194.jpg\" alt=\"\" width=\"300\" height=\"194\" srcset=\"https:\/\/www.helix.de\/wp-content\/uploads\/2017\/09\/Schulungen-300x194.jpg 300w, https:\/\/www.helix.de\/wp-content\/uploads\/2017\/09\/Schulungen-768x496.jpg 768w, https:\/\/www.helix.de\/wp-content\/uploads\/2017\/09\/Schulungen.jpg 862w\" sizes=\"auto, (max-width: 300px) 100vw, 300px\" \/><\/p>\n<h2>Schulungen<\/h2>\n<p>Wir erstellen IT-Schulungskonzepte f\u00fcr Ihr Team oder schulen nach Ihren Vorgaben bzw. Themen-W\u00fcnschen. Wir verf\u00fcgen \u00fcber Seminarr\u00e4ume deutschlandweit \u2013 oder wir kommen zu Ihnen vor Ort.<br \/>\n<\/div><\/div><\/div><\/div>\n<\/div>\n<div class=\"clear\"><\/div><a href=\"\/?page_id=33\"  title=\"Click\" class=\"simple-btn-medium btn-align-center\" style=\"background-color:#c41e3a; color:#fff\">Anfrage f\u00fcr Infos \/ R\u00fcckruf senden<\/a><div class=\"clear\"><\/div>\n","protected":false},"excerpt":{"rendered":"","protected":false},"author":2,"featured_media":0,"parent":0,"menu_order":40,"comment_status":"closed","ping_status":"closed","template":"no-sidebar.php","meta":{"footnotes":""},"class_list":["post-27","page","type-page","status-publish","hentry"],"_links":{"self":[{"href":"https:\/\/www.helix.de\/index.php?rest_route=\/wp\/v2\/pages\/27","targetHints":{"allow":["GET"]}}],"collection":[{"href":"https:\/\/www.helix.de\/index.php?rest_route=\/wp\/v2\/pages"}],"about":[{"href":"https:\/\/www.helix.de\/index.php?rest_route=\/wp\/v2\/types\/page"}],"author":[{"embeddable":true,"href":"https:\/\/www.helix.de\/index.php?rest_route=\/wp\/v2\/users\/2"}],"replies":[{"embeddable":true,"href":"https:\/\/www.helix.de\/index.php?rest_route=%2Fwp%2Fv2%2Fcomments&post=27"}],"version-history":[{"count":23,"href":"https:\/\/www.helix.de\/index.php?rest_route=\/wp\/v2\/pages\/27\/revisions"}],"predecessor-version":[{"id":351,"href":"https:\/\/www.helix.de\/index.php?rest_route=\/wp\/v2\/pages\/27\/revisions\/351"}],"wp:attachment":[{"href":"https:\/\/www.helix.de\/index.php?rest_route=%2Fwp%2Fv2%2Fmedia&parent=27"}],"curies":[{"name":"wp","href":"https:\/\/api.w.org\/{rel}","templated":true}]}}