{"id":29,"date":"2017-09-10T18:04:45","date_gmt":"2017-09-10T16:04:45","guid":{"rendered":"http:\/\/wwwneu.helix.de\/?page_id=29"},"modified":"2020-04-01T09:16:34","modified_gmt":"2020-04-01T07:16:34","slug":"feedback","status":"publish","type":"page","link":"https:\/\/www.helix.de\/?page_id=29","title":{"rendered":"Kunden-Feedback"},"content":{"rendered":"<div class=\"testimonials-slider\"><div class=\"slide\"><div class=\"testimonials-carousel-content\"><p>\u201eSeit mehr als 7 Jahren lassen wir unsere Software-Komponenten f\u00fcr Notebooks und Tablets von HELiX testen. Die Zusammenarbeit freut mich, weil ich Offenheit und Interesse am gemeinsamen Erfolg erlebe. Kompetenz, Verl\u00e4sslichkeit und Flexibilit\u00e4t machen HELiX f\u00fcr mich zum idealen IT-Partner.\u201c<\/p><\/div><div class=\"testimonials-carousel-thumbnail\"><\/div><div class=\"testimonials-name\">J\u00fcrgen Abel<br\/>Manager Software Development, Toshiba<\/div><\/div><div class=\"slide\"><div class=\"testimonials-carousel-content\"><p>\u201eLGI hat in den letzten 20 Jahren ein immenses Wachstum erreicht, von 180 auf \u00fcber 4.000 Mitarbeiter, von einer auf 45 Betriebsst\u00e4tten im In- und Ausland. In der ganzen Zeit hat uns HELIX als absolut zuverl\u00e4ssiger IT-Partner begleitet. Sei es in der Entwicklung von Software, in der technischen Anbindung neuer Logistikstandorte oder aber in der Aufrechterhaltung des t\u00e4glichen Betriebes. Wir k\u00f6nnen immer auf das HELIX-Team z\u00e4hlen!\u201c<\/p><\/div><div class=\"testimonials-carousel-thumbnail\"><\/div><div class=\"testimonials-name\">Eckhard Busch<br\/>Gesch\u00e4ftsf\u00fchrer, LGI<\/div><\/div><\/div>\n","protected":false},"excerpt":{"rendered":"","protected":false},"author":2,"featured_media":0,"parent":0,"menu_order":60,"comment_status":"closed","ping_status":"closed","template":"no-sidebar.php","meta":{"footnotes":""},"class_list":["post-29","page","type-page","status-publish","hentry"],"_links":{"self":[{"href":"https:\/\/www.helix.de\/index.php?rest_route=\/wp\/v2\/pages\/29","targetHints":{"allow":["GET"]}}],"collection":[{"href":"https:\/\/www.helix.de\/index.php?rest_route=\/wp\/v2\/pages"}],"about":[{"href":"https:\/\/www.helix.de\/index.php?rest_route=\/wp\/v2\/types\/page"}],"author":[{"embeddable":true,"href":"https:\/\/www.helix.de\/index.php?rest_route=\/wp\/v2\/users\/2"}],"replies":[{"embeddable":true,"href":"https:\/\/www.helix.de\/index.php?rest_route=%2Fwp%2Fv2%2Fcomments&post=29"}],"version-history":[{"count":14,"href":"https:\/\/www.helix.de\/index.php?rest_route=\/wp\/v2\/pages\/29\/revisions"}],"predecessor-version":[{"id":201,"href":"https:\/\/www.helix.de\/index.php?rest_route=\/wp\/v2\/pages\/29\/revisions\/201"}],"wp:attachment":[{"href":"https:\/\/www.helix.de\/index.php?rest_route=%2Fwp%2Fv2%2Fmedia&parent=29"}],"curies":[{"name":"wp","href":"https:\/\/api.w.org\/{rel}","templated":true}]}}